{"id":150,"date":"2024-08-26T11:15:27","date_gmt":"2024-08-26T09:15:27","guid":{"rendered":"https:\/\/hades.fla.pl\/?page_id=150"},"modified":"2024-08-26T11:19:04","modified_gmt":"2024-08-26T09:19:04","slug":"som","status":"publish","type":"page","link":"https:\/\/hades.fla.pl\/?page_id=150","title":{"rendered":"SOM"},"content":{"rendered":"\n<p>\u201eStandardy ochrony ma\u0142oletnich\u201d&nbsp;to dokument skonstruowany jako zbi\u00f3r zasad i procedur post\u0119powania w Klubie Sportowym &#8222;HADES&#8221; z Poznania, kt\u00f3re maj\u0105 by\u0107 przestrzegane i stosowane w sytuacji podejrzenia krzywdzenia lub krzywdzenia ma\u0142oletniego (dziecka, cz\u0142onka klubu).<br>Dokument okre\u015bla&nbsp;organizacj\u0119 ochrony ma\u0142oletnich przed krzywdzeniem, spos\u00f3b dokumentowania, zasady opracowywania planu wspierania osoby doznaj\u0105cej przemocy i wiele innych.<\/p>\n\n\n\n<p>W konstruowaniu ,,Standard\u00f3w ochrony ma\u0142oletnich&#8221; przyj\u0119to nast\u0119puj\u0105ce za\u0142o\u017cenia:<\/p>\n\n\n\n<ul class=\"wp-block-list\">\n<li>w Klubie Sportowym Hades z Poznania nie s\u0105 zatrudniane osoby mog\u0105ce zagra\u017ca\u0107 bezpiecze\u0144stwu ma\u0142oletnich;<\/li>\n\n\n\n<li>wszyscy pracownicy \/ trenerzy potrafi\u0105 zdiagnozowa\u0107 symptomy krzywdzenia ma\u0142oletniego oraz podejmowa\u0107 interwencje w przypadku podejrzenia, \u017ce ma\u0142oletni jest osob\u0105 krzywdzon\u0105;<\/li>\n\n\n\n<li>podejmowane post\u0119powanie nie mo\u017ce narusza\u0107 praw ma\u0142oletniego;<\/li>\n\n\n\n<li>ma\u0142oletni wiedz\u0105, jak unika\u0107 zagro\u017ce\u0144 w kontaktach z doros\u0142ym oraz r\u00f3wie\u015bnikami;<\/li>\n\n\n\n<li>ma\u0142oletni wiedz\u0105, do kogo si\u0119 zwraca\u0107 i prosi\u0107 o pomoc w sytuacjach dla nich trudnych;<\/li>\n\n\n\n<li>rodzice\/opiekunowie\/trenerzy prawni ma\u0142oletnich poszerzaj\u0105 wiedz\u0119 i umiej\u0119tno\u015bci o metodach wychowania bez stosowania krzywdzenia oraz potrafi\u0105 uczy\u0107 zasad bezpiecze\u0144stwa.<br><br><br>Standardy Ochrony Ma\u0142oletnich w Klubie Sportowym HADES.<\/li>\n<\/ul>\n\n\n\n<div data-wp-interactive=\"core\/file\" class=\"wp-block-file\"><object data-wp-bind--hidden=\"!state.hasPdfPreview\" hidden class=\"wp-block-file__embed\" data=\"https:\/\/hades.fla.pl\/wp-content\/uploads\/2024\/08\/Standardy_20Ochrony_20Ma_C5_82oletnich_KS_20Hades.pdf\" type=\"application\/pdf\" style=\"width:100%;height:913px\" aria-label=\"Osadzone z Standardy_20Ochrony_20Ma_C5_82oletnich_KS_20Hades.\"><\/object><a id=\"wp-block-file--media-1415bd0d-cf54-47bf-95e0-441332899ea8\" href=\"https:\/\/hades.fla.pl\/wp-content\/uploads\/2024\/08\/Standardy_20Ochrony_20Ma_C5_82oletnich_KS_20Hades.pdf\">Standardy_20Ochrony_20Ma_C5_82oletnich_KS_20Hades<\/a><a href=\"https:\/\/hades.fla.pl\/wp-content\/uploads\/2024\/08\/Standardy_20Ochrony_20Ma_C5_82oletnich_KS_20Hades.pdf\" class=\"wp-block-file__button wp-element-button\" download aria-describedby=\"wp-block-file--media-1415bd0d-cf54-47bf-95e0-441332899ea8\">Pobierz<\/a><\/div>\n","protected":false},"excerpt":{"rendered":"<p>\u201eStandardy ochrony ma\u0142oletnich\u201d&nbsp;to dokument skonstruowany jako zbi\u00f3r zasad i procedur post\u0119powania w Klubie Sportowym &#8222;HADES&#8221; z Poznania, kt\u00f3re maj\u0105 by\u0107 przestrzegane i stosowane w sytuacji podejrzenia krzywdzenia lub krzywdzenia ma\u0142oletniego (dziecka, cz\u0142onka klubu).Dokument okre\u015bla&nbsp;organizacj\u0119 ochrony ma\u0142oletnich przed krzywdzeniem, spos\u00f3b dokumentowania, zasady opracowywania planu wspierania osoby doznaj\u0105cej przemocy i wiele innych. W konstruowaniu ,,Standard\u00f3w ochrony ma\u0142oletnich&#8221; [&hellip;]<\/p>\n","protected":false},"author":2,"featured_media":0,"parent":0,"menu_order":0,"comment_status":"closed","ping_status":"closed","template":"","meta":{"zakra_page_container_layout":"customizer","zakra_page_sidebar_layout":"customizer","zakra_remove_content_margin":false,"zakra_sidebar":"customizer","zakra_transparent_header":"customizer","zakra_logo":0,"zakra_main_header_style":"default","zakra_menu_item_color":"","zakra_menu_item_hover_color":"","zakra_menu_item_active_color":"","zakra_menu_active_style":"","zakra_page_header":true,"footnotes":""},"class_list":["post-150","page","type-page","status-publish","hentry"],"_links":{"self":[{"href":"https:\/\/hades.fla.pl\/index.php?rest_route=\/wp\/v2\/pages\/150","targetHints":{"allow":["GET"]}}],"collection":[{"href":"https:\/\/hades.fla.pl\/index.php?rest_route=\/wp\/v2\/pages"}],"about":[{"href":"https:\/\/hades.fla.pl\/index.php?rest_route=\/wp\/v2\/types\/page"}],"author":[{"embeddable":true,"href":"https:\/\/hades.fla.pl\/index.php?rest_route=\/wp\/v2\/users\/2"}],"replies":[{"embeddable":true,"href":"https:\/\/hades.fla.pl\/index.php?rest_route=%2Fwp%2Fv2%2Fcomments&post=150"}],"version-history":[{"count":4,"href":"https:\/\/hades.fla.pl\/index.php?rest_route=\/wp\/v2\/pages\/150\/revisions"}],"predecessor-version":[{"id":156,"href":"https:\/\/hades.fla.pl\/index.php?rest_route=\/wp\/v2\/pages\/150\/revisions\/156"}],"wp:attachment":[{"href":"https:\/\/hades.fla.pl\/index.php?rest_route=%2Fwp%2Fv2%2Fmedia&parent=150"}],"curies":[{"name":"wp","href":"https:\/\/api.w.org\/{rel}","templated":true}]}}