{"id":175,"date":"2025-10-27T17:38:15","date_gmt":"2025-10-27T16:38:15","guid":{"rendered":"https:\/\/hades.fla.pl\/?page_id=175"},"modified":"2025-10-27T19:54:03","modified_gmt":"2025-10-27T18:54:03","slug":"wsparcie","status":"publish","type":"page","link":"https:\/\/hades.fla.pl\/?page_id=175","title":{"rendered":"Wsparcie"},"content":{"rendered":"\n<p>Wspieraj\u0105 Nas:<br><\/p>\n\n\n\n<figure class=\"wp-block-image size-large\"><img loading=\"lazy\" decoding=\"async\" width=\"1024\" height=\"384\" src=\"https:\/\/hades.fla.pl\/wp-content\/uploads\/2024\/09\/20220804112002_logotypwojewodztwawielkopolskiegoiherbsamorzaduwojewodztwawielkopolskiego-1024x384.jpg\" alt=\"\" class=\"wp-image-163\" srcset=\"https:\/\/hades.fla.pl\/wp-content\/uploads\/2024\/09\/20220804112002_logotypwojewodztwawielkopolskiegoiherbsamorzaduwojewodztwawielkopolskiego-1024x384.jpg 1024w, https:\/\/hades.fla.pl\/wp-content\/uploads\/2024\/09\/20220804112002_logotypwojewodztwawielkopolskiegoiherbsamorzaduwojewodztwawielkopolskiego-300x113.jpg 300w, https:\/\/hades.fla.pl\/wp-content\/uploads\/2024\/09\/20220804112002_logotypwojewodztwawielkopolskiegoiherbsamorzaduwojewodztwawielkopolskiego-768x288.jpg 768w, https:\/\/hades.fla.pl\/wp-content\/uploads\/2024\/09\/20220804112002_logotypwojewodztwawielkopolskiegoiherbsamorzaduwojewodztwawielkopolskiego-1536x576.jpg 1536w, https:\/\/hades.fla.pl\/wp-content\/uploads\/2024\/09\/20220804112002_logotypwojewodztwawielkopolskiegoiherbsamorzaduwojewodztwawielkopolskiego-1568x588.jpg 1568w, https:\/\/hades.fla.pl\/wp-content\/uploads\/2024\/09\/20220804112002_logotypwojewodztwawielkopolskiegoiherbsamorzaduwojewodztwawielkopolskiego.jpg 1920w\" sizes=\"auto, (max-width: 1024px) 100vw, 1024px\" \/><\/figure>\n\n\n\n<p class=\"has-text-align-center\">Pami\u0119tajcie ca\u0142y czas mo\u017ce nas wspiera\u0107:<br>Dane do przelew\u00f3w: Bank: BNP Paribas<br>Klub Sportowy \u201aHADES\u201d<br>Wojska Polskiego 68B 4\/16, 60-628 Pozna\u0144<br>Nr konta: 33 1600 1404 1820 2718 8000 0001<br>\u2013 tytu\u0142 przelewu: Wp\u0142ata na dzia\u0142alno\u015b\u0107 statutow\u0105.<\/p>\n\n\n\n<p><\/p>\n","protected":false},"excerpt":{"rendered":"<p>Wspieraj\u0105 Nas: Pami\u0119tajcie ca\u0142y czas mo\u017ce nas wspiera\u0107:Dane do przelew\u00f3w: Bank: BNP ParibasKlub Sportowy \u201aHADES\u201dWojska Polskiego 68B 4\/16, 60-628 Pozna\u0144Nr konta: 33 1600 1404 1820 2718 8000 0001\u2013 tytu\u0142 przelewu: Wp\u0142ata na dzia\u0142alno\u015b\u0107 statutow\u0105.<\/p>\n","protected":false},"author":2,"featured_media":0,"parent":0,"menu_order":0,"comment_status":"closed","ping_status":"closed","template":"","meta":{"zakra_page_container_layout":"customizer","zakra_page_sidebar_layout":"customizer","zakra_remove_content_margin":false,"zakra_sidebar":"customizer","zakra_transparent_header":"customizer","zakra_logo":0,"zakra_main_header_style":"default","zakra_menu_item_color":"","zakra_menu_item_hover_color":"","zakra_menu_item_active_color":"","zakra_menu_active_style":"","zakra_page_header":true,"footnotes":""},"class_list":["post-175","page","type-page","status-publish","hentry"],"_links":{"self":[{"href":"https:\/\/hades.fla.pl\/index.php?rest_route=\/wp\/v2\/pages\/175","targetHints":{"allow":["GET"]}}],"collection":[{"href":"https:\/\/hades.fla.pl\/index.php?rest_route=\/wp\/v2\/pages"}],"about":[{"href":"https:\/\/hades.fla.pl\/index.php?rest_route=\/wp\/v2\/types\/page"}],"author":[{"embeddable":true,"href":"https:\/\/hades.fla.pl\/index.php?rest_route=\/wp\/v2\/users\/2"}],"replies":[{"embeddable":true,"href":"https:\/\/hades.fla.pl\/index.php?rest_route=%2Fwp%2Fv2%2Fcomments&post=175"}],"version-history":[{"count":4,"href":"https:\/\/hades.fla.pl\/index.php?rest_route=\/wp\/v2\/pages\/175\/revisions"}],"predecessor-version":[{"id":264,"href":"https:\/\/hades.fla.pl\/index.php?rest_route=\/wp\/v2\/pages\/175\/revisions\/264"}],"wp:attachment":[{"href":"https:\/\/hades.fla.pl\/index.php?rest_route=%2Fwp%2Fv2%2Fmedia&parent=175"}],"curies":[{"name":"wp","href":"https:\/\/api.w.org\/{rel}","templated":true}]}}