{"id":7,"date":"2021-05-05T10:43:53","date_gmt":"2021-05-05T08:43:53","guid":{"rendered":"https:\/\/hades.fla.pl\/?page_id=7"},"modified":"2025-10-27T22:43:21","modified_gmt":"2025-10-27T21:43:21","slug":"o-nas","status":"publish","type":"page","link":"https:\/\/hades.fla.pl\/?page_id=7","title":{"rendered":"O nas"},"content":{"rendered":"\n<p><strong>Jak to si\u0119 zacz\u0119\u0142o\u2026<\/strong><\/p>\n\n\n\n<div class=\"wp-block-group is-nowrap is-layout-flex wp-container-core-group-is-layout-6c531013 wp-block-group-is-layout-flex\">\n<div class=\"wp-block-group wp-container-content-9cfa9a5a is-layout-flow wp-block-group-is-layout-flow\">\n<div class=\"wp-block-columns is-layout-flex wp-container-core-columns-is-layout-28f84493 wp-block-columns-is-layout-flex\">\n<div class=\"wp-block-column is-layout-flow wp-block-column-is-layout-flow\" style=\"flex-basis:66.66%\">\n<p>Historia klubu \u201eHades\u201d si\u0119ga roku 2005, kiedy to grupa dobrych znajomych, wywodz\u0105ca si\u0119 z dru\u017cyn harcerskich dzia\u0142aj\u0105cych w Hufcu ZHP Pozna\u0144 \u2013 Nowe Miasto, postanowi\u0142a powo\u0142a\u0107 do \u017cycia Harcerski Klub Sportowy \u201eHades\u201d. Rozpocz\u0119cie dzia\u0142alno\u015bci datuje si\u0119 na 15. listopada 2005 roku, kiedy to og\u0142oszony zosta\u0142 do wiadomo\u015bci rozkaz Komendanta Hufca ZHP Pozna\u0144 \u2013 Nowe Miasto o nr L8\/2005. Przed dat\u0105 oficjalnego powstania jednostki, odby\u0142o si\u0119 kilka spotka\u0144, na kt\u00f3rych to za\u0142o\u017cyciele Klubu ustalili g\u0142\u00f3wne kierunki dzia\u0142alno\u015bci Klubu oraz kierunki jego rozwoju na najbli\u017csze lata. W pierwszym okresie dzia\u0142alno\u015bci Klub sk\u0142ada\u0142 si\u0119 z 11 harcerzy i instruktor\u00f3w Hufca Pozna\u0144 \u2013 Nowe Miasto. Klub w skr\u00f3cie nazywany by\u0142 HKS.<\/p>\n<\/div>\n\n\n\n<div class=\"wp-block-column is-layout-flow wp-block-column-is-layout-flow\" style=\"flex-basis:33.33%\">\n<figure class=\"wp-block-image size-full is-resized\"><img loading=\"lazy\" decoding=\"async\" width=\"150\" height=\"150\" src=\"https:\/\/hades.fla.pl\/wp-content\/uploads\/2021\/05\/cropped-01.png\" alt=\"\" class=\"wp-image-12\" style=\"width:224px;height:auto\"\/><\/figure>\n<\/div>\n<\/div>\n<\/div>\n<\/div>\n\n\n\n<p>Od pocz\u0105tku dzia\u0142alno\u015bci klubu aktywnie startowali\u015bmy w imprezach sportowych. W kr\u0119gu zainteresowa\u0144 cz\u0142onk\u00f3w HKS by\u0142y g\u0142ownie biegi uliczne, biegi na orientacj\u0119 (BnO), a tak\u017ce rajdy przygodowe (zwane niekiedy szumnie ekstremalnymi).&nbsp;Z biegiem czasu, poza ci\u0105g\u0142ym podnoszeniem swoich umiej\u0119tno\u015bci w wymienionych wcze\u015bniej dyscyplinach, cz\u0119\u015b\u0107 z nas zacz\u0119\u0142a pr\u00f3bowa\u0107 si\u0119 tak\u017ce w innych&nbsp;sportach \u2013 co przynios\u0142o pierwsze starty w maratonach MTB, wy\u015bcigu szosowym, duathlonach czy rowerowej je\u017adzie na orientacje. To w\u0142a\u015bnie te wszystkie dyscypliny s\u0105 nasz\u0105 domen\u0105 i tym co przynosi nam najwi\u0119cej rado\u015bci. Nie znaczy to, \u017ce cz\u0142onkowie klubu ograniczaj\u0105 si\u0119 tylko do tego \u2013 na ten czas mamy wszak\u017ce w swoich szeregach skoczk\u00f3w spadochronowych, lekkoatlet\u0119, II-ligowego hokeist\u0119 trawiastego, czy studenta fizyki&nbsp;<\/p>\n\n\n\n<p>Historia HKS Hades, wi\u0105\u017ce si\u0119 te\u017c nieroz\u0142\u0105cznie z organizowanymi przez nas imprezami. Jako pierwszy klub w Poznaniu podj\u0119li\u015bmy si\u0119 organizacji cyklicznych zawod\u00f3w na orientacj\u0119 nazwanych Grand Prix Hufca w BnO. Chcieli\u015bmy zarazi\u0107 zawodami na orientacj\u0119 jak najwi\u0119cej os\u00f3b, jedn\u0105 z inicjatyw by\u0142y organizowane przez nas nocne zawody na orientacj\u0119 Hades po\u0142\u0105czone ze szkoleniem harcerzy niewtajemniczonych w orienteering. Cykl GP by\u0142 od pocz\u0105tku otwarty na osoby spoza klubu, ale i tak\u017ce na osoby spoza harcerstwa. To 10-12 start\u00f3w w ci\u0105gu roku, podczas kt\u00f3rych zbierane s\u0105 punkty i prowadzona jest klasyfikacja. Zwyci\u0119zc\u0105 cyklu jest osoba, kt\u00f3ra uzbiera ich najwi\u0119cej w sezonie.<\/p>\n\n\n\n<div class=\"wp-block-group is-layout-constrained wp-block-group-is-layout-constrained\"><\/div>\n\n\n\n<p><\/p>\n","protected":false},"excerpt":{"rendered":"<p>Jak to si\u0119 zacz\u0119\u0142o\u2026 Historia klubu \u201eHades\u201d si\u0119ga roku 2005, kiedy to grupa dobrych znajomych, wywodz\u0105ca si\u0119 z dru\u017cyn harcerskich dzia\u0142aj\u0105cych w Hufcu ZHP Pozna\u0144 \u2013 Nowe Miasto, postanowi\u0142a powo\u0142a\u0107 do \u017cycia Harcerski Klub Sportowy \u201eHades\u201d. Rozpocz\u0119cie dzia\u0142alno\u015bci datuje si\u0119 na 15. listopada 2005 roku, kiedy to og\u0142oszony zosta\u0142 do wiadomo\u015bci rozkaz Komendanta Hufca ZHP [&hellip;]<\/p>\n","protected":false},"author":2,"featured_media":0,"parent":0,"menu_order":0,"comment_status":"closed","ping_status":"closed","template":"","meta":{"zakra_page_container_layout":"customizer","zakra_page_sidebar_layout":"customizer","zakra_remove_content_margin":false,"zakra_sidebar":"customizer","zakra_transparent_header":"customizer","zakra_logo":0,"zakra_main_header_style":"default","zakra_menu_item_color":"","zakra_menu_item_hover_color":"","zakra_menu_item_active_color":"","zakra_menu_active_style":"","zakra_page_header":true,"footnotes":""},"class_list":["post-7","page","type-page","status-publish","hentry"],"_links":{"self":[{"href":"https:\/\/hades.fla.pl\/index.php?rest_route=\/wp\/v2\/pages\/7","targetHints":{"allow":["GET"]}}],"collection":[{"href":"https:\/\/hades.fla.pl\/index.php?rest_route=\/wp\/v2\/pages"}],"about":[{"href":"https:\/\/hades.fla.pl\/index.php?rest_route=\/wp\/v2\/types\/page"}],"author":[{"embeddable":true,"href":"https:\/\/hades.fla.pl\/index.php?rest_route=\/wp\/v2\/users\/2"}],"replies":[{"embeddable":true,"href":"https:\/\/hades.fla.pl\/index.php?rest_route=%2Fwp%2Fv2%2Fcomments&post=7"}],"version-history":[{"count":8,"href":"https:\/\/hades.fla.pl\/index.php?rest_route=\/wp\/v2\/pages\/7\/revisions"}],"predecessor-version":[{"id":291,"href":"https:\/\/hades.fla.pl\/index.php?rest_route=\/wp\/v2\/pages\/7\/revisions\/291"}],"wp:attachment":[{"href":"https:\/\/hades.fla.pl\/index.php?rest_route=%2Fwp%2Fv2%2Fmedia&parent=7"}],"curies":[{"name":"wp","href":"https:\/\/api.w.org\/{rel}","templated":true}]}}